{"id":6,"date":"2016-07-14T16:58:11","date_gmt":"2016-07-14T13:58:11","guid":{"rendered":"http:\/\/myllykylan-kylatalo.com\/?page_id=6"},"modified":"2025-10-05T07:30:45","modified_gmt":"2025-10-05T04:30:45","slug":"varaukset","status":"publish","type":"page","link":"http:\/\/myllykylan-kylatalo.com\/?page_id=6","title":{"rendered":"Varaukset"},"content":{"rendered":"<p>Lauantain ja sunnuntain alustavat varaukset voi tehd\u00e4 vain joko v\u00e4lille 10-16 tai 16-22.\u00a0 Muutoksella yrit\u00e4mme saada mahdollisimman monelle tilaisuuden p\u00e4\u00e4st\u00e4 k\u00e4ytt\u00e4m\u00e4\u00e4n tiloja.\u00a0 Varauksen voi muuttaa pidemm\u00e4ksi kaksi viikkoa ennen toivottua p\u00e4iv\u00e4\u00e4, mik\u00e4li kukaan muu ei ole tehnyt varausta kyseiselle ajankohdalle. Varauksen pident\u00e4misest\u00e4 t\u00e4ytyy varaajan huolehtia itse.<\/p>\n<p>Avain tulee hankkia oman taloyhti\u00f6n avainvastaavalta. Selvit\u00e4 talosi avainvastaavan tiedot hyviss\u00e4 ajoin ja sovi avaimen noudosta.<\/p>\n<p>Tarkista kerhotilan varaustilanne allaolevasta kalenterista, ja tee\u00a0varauspyynt\u00f6\u00a0<a href=\"http:\/\/goo.gl\/forms\/ZBZ2gtGZFGQwlSrC3\" target=\"_blank\" rel=\"noopener\">t\u00e4st\u00e4<\/a>.\u00a0Saat vahvistuksen, kun varauspyynt\u00f6si on k\u00e4sitelty. <strong>Varausten k\u00e4sittelyaika on noin 2 viikkoa. Teeth\u00e4n siis varauksesi kerhotilaan hyviss\u00e4 ajoin.<\/strong><\/p>\n<ul>\n<li><a href=\"http:\/\/myllykylan-kylatalo.com\/?page_id=4\" target=\"_blank\" rel=\"noopener\">Hinnasto<\/a><\/li>\n<li>Luethan <a href=\"http:\/\/myllykylan-kylatalo.com\/?page_id=13\" target=\"_blank\" rel=\"noopener\">j\u00e4rjestyss\u00e4\u00e4nn\u00f6t<\/a> huolellisesti ennen varauksen tekemist\u00e4<\/li>\n<\/ul>\n<p>&nbsp;<\/p>\n<p><iframe loading=\"lazy\" style=\"border-width: 0;\" src=\"https:\/\/calendar.google.com\/calendar\/embed?mode=WEEK&amp;height=600&amp;wkst=2&amp;bgcolor=%23FFFFFF&amp;src=1oftsoq4luue3tft0hbv3j2e5o%40group.calendar.google.com&amp;color=%2328754E&amp;ctz=Europe%2FHelsinki\" width=\"800\" height=\"600\" frameborder=\"0\" scrolling=\"no\"><\/iframe><\/p>\n<p>&nbsp;<\/p>\n","protected":false},"excerpt":{"rendered":"<p>Lauantain ja sunnuntain alustavat varaukset voi tehd\u00e4 vain joko v\u00e4lille 10-16 tai 16-22.\u00a0 Muutoksella yrit\u00e4mme saada mahdollisimman monelle tilaisuuden p\u00e4\u00e4st\u00e4 k\u00e4ytt\u00e4m\u00e4\u00e4n tiloja.\u00a0 Varauksen voi muuttaa pidemm\u00e4ksi kaksi viikkoa ennen toivottua p\u00e4iv\u00e4\u00e4, mik\u00e4li kukaan muu ei ole tehnyt varausta kyseiselle ajankohdalle. Varauksen pident\u00e4misest\u00e4 t\u00e4ytyy varaajan huolehtia itse. Avain tulee hankkia oman taloyhti\u00f6n avainvastaavalta. Selvit\u00e4 talosi avainvastaavan [&hellip;]<\/p>\n","protected":false},"author":1,"featured_media":0,"parent":0,"menu_order":4,"comment_status":"closed","ping_status":"closed","template":"template-fullwidth.php","meta":{"footnotes":""},"class_list":["post-6","page","type-page","status-publish","hentry"],"_links":{"self":[{"href":"http:\/\/myllykylan-kylatalo.com\/index.php?rest_route=\/wp\/v2\/pages\/6","targetHints":{"allow":["GET"]}}],"collection":[{"href":"http:\/\/myllykylan-kylatalo.com\/index.php?rest_route=\/wp\/v2\/pages"}],"about":[{"href":"http:\/\/myllykylan-kylatalo.com\/index.php?rest_route=\/wp\/v2\/types\/page"}],"author":[{"embeddable":true,"href":"http:\/\/myllykylan-kylatalo.com\/index.php?rest_route=\/wp\/v2\/users\/1"}],"replies":[{"embeddable":true,"href":"http:\/\/myllykylan-kylatalo.com\/index.php?rest_route=%2Fwp%2Fv2%2Fcomments&post=6"}],"version-history":[{"count":42,"href":"http:\/\/myllykylan-kylatalo.com\/index.php?rest_route=\/wp\/v2\/pages\/6\/revisions"}],"predecessor-version":[{"id":313,"href":"http:\/\/myllykylan-kylatalo.com\/index.php?rest_route=\/wp\/v2\/pages\/6\/revisions\/313"}],"wp:attachment":[{"href":"http:\/\/myllykylan-kylatalo.com\/index.php?rest_route=%2Fwp%2Fv2%2Fmedia&parent=6"}],"curies":[{"name":"wp","href":"https:\/\/api.w.org\/{rel}","templated":true}]}}