{"id":4,"date":"2016-07-14T16:56:11","date_gmt":"2016-07-14T13:56:11","guid":{"rendered":"http:\/\/myllykylan-kylatalo.com\/?page_id=4"},"modified":"2022-01-21T11:05:01","modified_gmt":"2022-01-21T08:05:01","slug":"tilojen-kuvaus","status":"publish","type":"page","link":"http:\/\/myllykylan-kylatalo.com\/?page_id=4","title":{"rendered":"Tilat &#038; hinnasto"},"content":{"rendered":"<p>Kyl\u00e4talossa on kaksi asukkaiden k\u00e4ytt\u00f6\u00f6n tarkoitettua kerhotilaa. Iso tila (Ryynimyllynkadun puolella) on kooltaan 69 m2 ja pieni tila (leikkipaikan puolella) 47 m2. Tilat on erotettu toisistaan taittosein\u00e4ll\u00e4, ja ne on mahdollista yhdist\u00e4\u00e4. Yhdistettyn\u00e4 tilan suurin sallittu k\u00e4ytt\u00e4j\u00e4m\u00e4\u00e4r\u00e4 on 76 henkil\u00f6\u00e4.<\/p>\n<p>Tilavarauksen hintaan sis\u00e4ltyy varatun tilan k\u00e4ytt\u00f6, p\u00f6yd\u00e4t ja tuolit tilan sallimalle henkil\u00f6m\u00e4\u00e4r\u00e4lle sek\u00e4 pienen keitti\u00f6n k\u00e4ytt\u00f6. Keitti\u00f6ss\u00e4 on k\u00e4ytett\u00e4viss\u00e4 noin 50 hl\u00f6n astiasto ja peruskeitti\u00f6v\u00e4lineet.<\/p>\n<p><em><strong>Huomioitavaa:<\/strong>\u00a0<\/em>Tilassa on vain yksi keitti\u00f6 joka on yhteisess\u00e4 k\u00e4yt\u00f6ss\u00e4 mik\u00e4li tilassa on samaan aikaan kaksi varausta (isolla ja pienell\u00e4 puolella). Jos tarvitset keitti\u00f6t\u00e4 paljon tilaisuuden aikana, suosittelemme ett\u00e4 varaat koko tilan.<\/p>\n<p><strong>Tiloissa on h\u00e4lytysj\u00e4rjestelm\u00e4.\u00a0 Varaajan on tutustuttava\u00a0kyl\u00e4talon j\u00e4rjestyss\u00e4\u00e4nt\u00f6ihin ja huolehdittava, ett\u00e4 saa tarvittavan perehdytyksen kyl\u00e4talon h\u00e4lytysj\u00e4rjestelm\u00e4\u00e4n (h\u00e4lytyksist\u00e4 johtuvat vartijak\u00e4ynnit veloitamme varaajalta ilman erillist\u00e4 kysely\u00e4, esim. hinta viikoloppuisin noin 300 \u20ac\/k\u00e4ynti).<\/strong><\/p>\n<p><b>VUOKRAUSHINNASTO 1.1.2022 ALKAEN:<\/b><\/p>\n<p>Osakastaloyhti\u00f6den asukkaat voivat varata kyl\u00e4taloa maksutta yksityisk\u00e4ytt\u00f6\u00f6n <strong>kolmesti kalenterivuoden aikana ja sen j\u00e4lkeen yleisen hinnaston\u00a0 mukaisesti<\/strong>. Varauksen voi tehd\u00e4 aikaisintaan 6kk etuk\u00e4teen.<\/p>\n<p><span style=\"font-weight: 400;\">HUOM! Siivousmaksu veloitetaan, jos k\u00e4ytt\u00e4j\u00e4 ei siivoa tilaa k\u00e4ytt\u00f6\u00e4 edelt\u00e4v\u00e4\u00e4n kuntoon.<\/span><\/p>\n<p><strong>\u00a0HINNASTO:<\/strong><\/p>\n<ol>\n<li><b><\/b><span style=\"font-weight: 400;\">\u00a0 \u00a0\u00a0<\/span><b>Maksulliset yksityistilaisuudet<\/b><\/li>\n<\/ol>\n<p><span style=\"font-weight: 400;\">Pieni tila 12\u20ac\/1h (minimivaraus 2h)<\/span><\/p>\n<p><span style=\"font-weight: 400;\">Iso tila 16\u20ac\/1h (minimivaraus 2h)<\/span><\/p>\n<p><span style=\"font-weight: 400;\">Koko tila 25\u20ac\/1h (minimivaraus 2h)<\/span><\/p>\n<ol start=\"2\">\n<li><b><\/b><span style=\"font-weight: 400;\">\u00a0 \u00a0\u00a0<\/span><b>Kausimaksut<\/b><\/li>\n<\/ol>\n<p><span style=\"font-weight: 400;\">Syyskausi: elo-joulukuu 1.8.-22.12., <\/span><\/p>\n<p><span style=\"font-weight: 400;\">Kev\u00e4tkausi: tammi-toukokuu 7.1.-31.5. (pois lukien vko 8 ja vko 42)\u00a0<\/span><\/p>\n<p><span style=\"font-weight: 400;\">Pieni tila 130\u20ac\/1h<\/span><\/p>\n<p><span style=\"font-weight: 400;\">Iso tila 190\u20ac\/1h<\/span><\/p>\n<p><span style=\"font-weight: 400;\">Koko tila 300\u20ac\/1h<\/span><\/p>\n<p><span style=\"font-weight: 400;\">Huom! Tilaan saavutaan vasta varausajan alkaessa ja tilasta poistutaan viimeist\u00e4\u00e4n varauksen p\u00e4\u00e4ttyess\u00e4. Tila pit\u00e4\u00e4 olla tyhj\u00e4 viimeist\u00e4\u00e4n 15 min poistumisajan j\u00e4lkeen.<\/span><\/p>\n<p><span style=\"font-weight: 400;\">\u00a0<\/span><\/p>\n<ol start=\"3\">\n<li><span style=\"font-weight: 400;\">\u00a0\u00a0<\/span><b>Yhdistysten ja yleishy\u00f6dyllisten toimijoiden hinnat sovitaan erikseen, tiedustelut s\u00e4hk\u00f6postitse\u00a0\u00a0<a href=\"mailto:talotoimikuntamyllykyla@gmail.com\">talotoimikuntamyllykyla@gmail.com<\/a>.\u00a0<\/b><\/li>\n<\/ol>\n<p>&nbsp;<\/p>\n<p>&nbsp;<\/p>\n<p>Pid\u00e4t\u00e4mme oikeudet muutoksiin. Pyyd\u00e4 tarvittaessa lis\u00e4tietoa varausmaksuista: <a href=\"mailto:talotoimikuntamyllykyla@gmail.com\">talotoimikuntamyllykyla@gmail.com<\/a><\/p>\n<p>Talotoimikunta pid\u00e4tt\u00e4\u00e4 itsell\u00e4\u00e4n oikeuden varausten muuttamiseen tilanteen erityisesti vaatiessa.<\/p>\n<p>&nbsp;<\/p>\n<p>&nbsp;<\/p>\n<p>&nbsp;<\/p>\n","protected":false},"excerpt":{"rendered":"<p>Kyl\u00e4talossa on kaksi asukkaiden k\u00e4ytt\u00f6\u00f6n tarkoitettua kerhotilaa. Iso tila (Ryynimyllynkadun puolella) on kooltaan 69 m2 ja pieni tila (leikkipaikan puolella) 47 m2. Tilat on erotettu toisistaan taittosein\u00e4ll\u00e4, ja ne on mahdollista yhdist\u00e4\u00e4. Yhdistettyn\u00e4 tilan suurin sallittu k\u00e4ytt\u00e4j\u00e4m\u00e4\u00e4r\u00e4 on 76 henkil\u00f6\u00e4. Tilavarauksen hintaan sis\u00e4ltyy varatun tilan k\u00e4ytt\u00f6, p\u00f6yd\u00e4t ja tuolit tilan sallimalle henkil\u00f6m\u00e4\u00e4r\u00e4lle sek\u00e4 pienen keitti\u00f6n [&hellip;]<\/p>\n","protected":false},"author":1,"featured_media":0,"parent":0,"menu_order":3,"comment_status":"closed","ping_status":"closed","template":"template-fullwidth.php","meta":{"footnotes":""},"class_list":["post-4","page","type-page","status-publish","hentry"],"_links":{"self":[{"href":"http:\/\/myllykylan-kylatalo.com\/index.php?rest_route=\/wp\/v2\/pages\/4","targetHints":{"allow":["GET"]}}],"collection":[{"href":"http:\/\/myllykylan-kylatalo.com\/index.php?rest_route=\/wp\/v2\/pages"}],"about":[{"href":"http:\/\/myllykylan-kylatalo.com\/index.php?rest_route=\/wp\/v2\/types\/page"}],"author":[{"embeddable":true,"href":"http:\/\/myllykylan-kylatalo.com\/index.php?rest_route=\/wp\/v2\/users\/1"}],"replies":[{"embeddable":true,"href":"http:\/\/myllykylan-kylatalo.com\/index.php?rest_route=%2Fwp%2Fv2%2Fcomments&post=4"}],"version-history":[{"count":23,"href":"http:\/\/myllykylan-kylatalo.com\/index.php?rest_route=\/wp\/v2\/pages\/4\/revisions"}],"predecessor-version":[{"id":269,"href":"http:\/\/myllykylan-kylatalo.com\/index.php?rest_route=\/wp\/v2\/pages\/4\/revisions\/269"}],"wp:attachment":[{"href":"http:\/\/myllykylan-kylatalo.com\/index.php?rest_route=%2Fwp%2Fv2%2Fmedia&parent=4"}],"curies":[{"name":"wp","href":"https:\/\/api.w.org\/{rel}","templated":true}]}}