{"id":213,"date":"2018-07-22T17:00:35","date_gmt":"2018-07-22T14:00:35","guid":{"rendered":"http:\/\/myllykylan-kylatalo.com\/?page_id=213"},"modified":"2022-08-14T19:43:25","modified_gmt":"2022-08-14T16:43:25","slug":"myllykylan-kylatalo","status":"publish","type":"page","link":"http:\/\/myllykylan-kylatalo.com\/?page_id=213","title":{"rendered":"Myllykyl\u00e4n kyl\u00e4talo"},"content":{"rendered":"<p><strong>Mik\u00e4 on Myllykyl\u00e4n kyl\u00e4talo?<\/strong><\/p>\n<p>Talo on viralliselta nimelt\u00e4\u00e4n Kiinteist\u00f6 Oy Puu-Myllypuron Yhteistila, ja se valmistui kev\u00e4\u00e4ll\u00e4 2016.<\/p>\n<p><strong>Kenelle kyl\u00e4talo on tarkoitettu?<\/strong><\/p>\n<p>Kaikille! Toiveena on, ett\u00e4 talosta tulee alueen aktiivinen kohtauspaikka.<\/p>\n<p>Kyl\u00e4talon osakkaita\u00a0ovat kaikki niiden taloyhti\u00f6iden osakkaat, jotka maanvuokrasopimuksessa olevien ehtojen mukaisesti maksavat talon rakentamisesta. Lista yhteistilan osakasyhti\u00f6ist\u00e4 on alla. P\u00e4\u00e4periaate on, ett\u00e4 osakkaat saavat j\u00e4rjest\u00e4\u00e4 kerhotilassa maksutta omia tilaisuuksia.<\/p>\n<p>Ulkopuolisiksi\u00a0k\u00e4ytt\u00e4jiksi katsotaan Myllykyl\u00e4n omakotitaloasukkaat, ja kaikki muut tilaa k\u00e4ytt\u00e4v\u00e4t, jotka eiv\u00e4t ole maksaneet kyl\u00e4talon rakentamisesta. He saavat osallistua talossa j\u00e4rjestett\u00e4v\u00e4\u00e4n toimintaan, ja my\u00f6s vuokrata tilaa omia tilaisuuksiaan varten maksua vastaan.<\/p>\n<p><strong>Miten p\u00e4\u00e4sen mukaan toimintaan?<\/strong><\/p>\n<p>Kyl\u00e4talo py\u00f6rii p\u00e4\u00e4\u00e4s\u00e4\u00e4nt\u00f6isesti vapaaehtoisten voimin. Toivomme kyl\u00e4taloon aktiivista ja alueen asukkaita monipuolisesti palvelevaa toimintaa.\u00a0 Kaikki Puu-Myllypuron asukkaat ovat tervetulleita osallistumaan kyl\u00e4talon toiminnan kehitt\u00e4miseen ja toteuttamiseen! Jos haluat ilmoittautua vapaaehtoisten porukkaan (j\u00e4rjest\u00e4m\u00e4\u00e4n tilaisuuksia, ideoimaan tapahtumia, jne) ole yhteydess\u00e4 talotoimikuntaan (talotoimikuntamyllykyla@gmail.com).<\/p>\n<p><strong>Osakasyhti\u00f6t<\/strong><\/p>\n<p>As Oy Helsingin Myllynpuisto<\/p>\n<p>Asunto Oy Helsingin Myllynlehto<\/p>\n<p>Asunto Oy Helsingin Myllynt\u00e4hk\u00e4<\/p>\n<p>Asunto Oy Helsingin Mylly<\/p>\n<p>Asunto Oy Helsingin Myllyportti<\/p>\n<p>Asunto Oy Helsingin Myllykyl\u00e4nkallio<\/p>\n<p>Asunto Oy Helsingin Myllykyl\u00e4nrinne<\/p>\n<p>Asunto Oy Helsingin Myllykyl\u00e4nm\u00e4ki<\/p>\n<p>Asunto Oy Helsingin Myllypiha<\/p>\n<p>Asunto Oy Helsingin Myllypoika<\/p>\n<p>Asunto Oy Helsingin Myllykallio<\/p>\n<p>Asunto Oy Myllypuron Tara (Mamsellimyllynkatu 1A 1-6, 2B 7-9, 6C 10-13)<\/p>\n<p>Helsingin Asumisoikeus Oy \/Haso Ratasmylly (Mamsellimyllynkatu 26)<\/p>\n<p>Helsingin Kaupungin Asunnot Oy \/Heka (Ryynimyllynkatu 2)<\/p>\n<p>Helsingin Asumisoikeus Oy\/ Haso Mamselli (Mamsellimyllynkatu 23)<\/p>\n<p>Helsingin Kaupungin Asunnot Oy \/Heka Mamsellinmyllynkatu (Mamsellimyllynkatu 2)<\/p>\n<p>Helsingin Asumisoikeus Oy \/Haso Valssimylly<\/p>\n<p>Asunto Oy Helsingin Myllypiha<\/p>\n<p>Asunto Oy Helsingin Torninvartija (Valssimyllynkatu 11)<\/p>\n<p>Asunto Oy Helsingin Valssimyllynkatu 12<\/p>\n<p>Asunto Oy Helsingin Valssimyllynkatu 13<\/p>\n<p>Asunto Oy Helsingin Valssimyllynkatu 17<\/p>\n<p>Asunto Oy Helsingin Valssimyllynkatu 19<\/p>\n<p>&nbsp;<\/p>\n","protected":false},"excerpt":{"rendered":"<p>Mik\u00e4 on Myllykyl\u00e4n kyl\u00e4talo? Talo on viralliselta nimelt\u00e4\u00e4n Kiinteist\u00f6 Oy Puu-Myllypuron Yhteistila, ja se valmistui kev\u00e4\u00e4ll\u00e4 2016. Kenelle kyl\u00e4talo on tarkoitettu? Kaikille! Toiveena on, ett\u00e4 talosta tulee alueen aktiivinen kohtauspaikka. Kyl\u00e4talon osakkaita\u00a0ovat kaikki niiden taloyhti\u00f6iden osakkaat, jotka maanvuokrasopimuksessa olevien ehtojen mukaisesti maksavat talon rakentamisesta. Lista yhteistilan osakasyhti\u00f6ist\u00e4 on alla. P\u00e4\u00e4periaate on, ett\u00e4 osakkaat saavat j\u00e4rjest\u00e4\u00e4 [&hellip;]<\/p>\n","protected":false},"author":1,"featured_media":0,"parent":0,"menu_order":1,"comment_status":"closed","ping_status":"closed","template":"","meta":{"footnotes":""},"class_list":["post-213","page","type-page","status-publish","hentry"],"_links":{"self":[{"href":"http:\/\/myllykylan-kylatalo.com\/index.php?rest_route=\/wp\/v2\/pages\/213","targetHints":{"allow":["GET"]}}],"collection":[{"href":"http:\/\/myllykylan-kylatalo.com\/index.php?rest_route=\/wp\/v2\/pages"}],"about":[{"href":"http:\/\/myllykylan-kylatalo.com\/index.php?rest_route=\/wp\/v2\/types\/page"}],"author":[{"embeddable":true,"href":"http:\/\/myllykylan-kylatalo.com\/index.php?rest_route=\/wp\/v2\/users\/1"}],"replies":[{"embeddable":true,"href":"http:\/\/myllykylan-kylatalo.com\/index.php?rest_route=%2Fwp%2Fv2%2Fcomments&post=213"}],"version-history":[{"count":8,"href":"http:\/\/myllykylan-kylatalo.com\/index.php?rest_route=\/wp\/v2\/pages\/213\/revisions"}],"predecessor-version":[{"id":277,"href":"http:\/\/myllykylan-kylatalo.com\/index.php?rest_route=\/wp\/v2\/pages\/213\/revisions\/277"}],"wp:attachment":[{"href":"http:\/\/myllykylan-kylatalo.com\/index.php?rest_route=%2Fwp%2Fv2%2Fmedia&parent=213"}],"curies":[{"name":"wp","href":"https:\/\/api.w.org\/{rel}","templated":true}]}}