{"id":2,"date":"2016-05-10T03:48:21","date_gmt":"2016-05-10T03:48:21","guid":{"rendered":"http:\/\/wp452m.a10-52-158-154.qa.plesk.ru\/wordpress\/?page_id=2"},"modified":"2025-10-05T07:25:04","modified_gmt":"2025-10-05T04:25:04","slug":"sample-page","status":"publish","type":"page","link":"http:\/\/myllykylan-kylatalo.com\/?page_id=2","title":{"rendered":"Etusivu"},"content":{"rendered":"<p><strong>Myllykyl\u00e4n kyl\u00e4talo<\/strong><\/p>\n<p>Myllykyl\u00e4n kyl\u00e4talo on Myllypuron puutaloalueella sijaitseva, alueen\u00a0talonyhti\u00f6iden\u00a0omistama yhteistila.\u00a0Kyl\u00e4talossa j\u00e4rjestet\u00e4\u00e4n paljon erilaista harrastustoimintaa ja aktivitettia. Se on my\u00f6s varattavissa yksityistilaisuuksia varten. Kyl\u00e4talon is\u00e4nn\u00f6innist\u00e4 vastaa Myllypuron Kiinteist\u00f6huolto Oy ja tilan p\u00e4ivitt\u00e4ist\u00e4 toimintaa koordinoi alueen asukkaista koostuva talotoimikunta.<\/p>\n<p>&nbsp;<\/p>\n<p><img loading=\"lazy\" decoding=\"async\" class=\"alignnone size-medium wp-image-219\" src=\"http:\/\/myllykylan-kylatalo.com\/wp-content\/uploads\/2016\/05\/kettlebell-411605_1920-Copy-300x199.jpg\" alt=\"kettlebell-411605_1920 - Copy\" width=\"300\" height=\"199\" srcset=\"http:\/\/myllykylan-kylatalo.com\/wp-content\/uploads\/2016\/05\/kettlebell-411605_1920-Copy-300x199.jpg 300w, http:\/\/myllykylan-kylatalo.com\/wp-content\/uploads\/2016\/05\/kettlebell-411605_1920-Copy-768x508.jpg 768w, http:\/\/myllykylan-kylatalo.com\/wp-content\/uploads\/2016\/05\/kettlebell-411605_1920-Copy-1024x678.jpg 1024w, http:\/\/myllykylan-kylatalo.com\/wp-content\/uploads\/2016\/05\/kettlebell-411605_1920-Copy-676x447.jpg 676w, http:\/\/myllykylan-kylatalo.com\/wp-content\/uploads\/2016\/05\/kettlebell-411605_1920-Copy.jpg 1920w\" sizes=\"auto, (max-width: 300px) 100vw, 300px\" \/><\/p>\n<p>Kyl\u00e4talolla on tarjolla paljon erilaista harrastustoimintaa niin lapsille kuin aikuisillekin. Tarjolla on muun muassa musiikkileikkikouluja lapsille, kehonpainoharjoittelua,\u00a0 joogaa, sek\u00e4 ryhm\u00e4liikuntaa.<\/p>\n<p>&nbsp;<\/p>\n<p><img loading=\"lazy\" decoding=\"async\" class=\"alignnone size-medium wp-image-220\" src=\"http:\/\/myllykylan-kylatalo.com\/wp-content\/uploads\/2016\/05\/cupcakes-2250367_1920-Copy-300x225.jpg\" alt=\"cupcakes-2250367_1920 - Copy\" width=\"300\" height=\"225\" srcset=\"http:\/\/myllykylan-kylatalo.com\/wp-content\/uploads\/2016\/05\/cupcakes-2250367_1920-Copy-300x225.jpg 300w, http:\/\/myllykylan-kylatalo.com\/wp-content\/uploads\/2016\/05\/cupcakes-2250367_1920-Copy-768x576.jpg 768w, http:\/\/myllykylan-kylatalo.com\/wp-content\/uploads\/2016\/05\/cupcakes-2250367_1920-Copy-1024x768.jpg 1024w, http:\/\/myllykylan-kylatalo.com\/wp-content\/uploads\/2016\/05\/cupcakes-2250367_1920-Copy-676x507.jpg 676w, http:\/\/myllykylan-kylatalo.com\/wp-content\/uploads\/2016\/05\/cupcakes-2250367_1920-Copy.jpg 1920w\" sizes=\"auto, (max-width: 300px) 100vw, 300px\" \/><\/p>\n<p>Kyl\u00e4talo on varattavissa yksitilaisuuksia varten niin Myllykyl\u00e4n asukkaille, kuin muillekin. Tutustu varauskalenteriin, sek\u00e4 tilan hinnastoon <a href=\"http:\/\/myllykylan-kylatalo.com\/?page_id=6\">t\u00e4\u00e4ll\u00e4<\/a>.<\/p>\n<p>&nbsp;<\/p>\n<p><img loading=\"lazy\" decoding=\"async\" class=\"alignnone size-medium wp-image-221\" src=\"http:\/\/myllykylan-kylatalo.com\/wp-content\/uploads\/2016\/05\/sandpit-762541_1920-300x200.jpg\" alt=\"sandpit-762541_1920\" width=\"300\" height=\"200\" srcset=\"http:\/\/myllykylan-kylatalo.com\/wp-content\/uploads\/2016\/05\/sandpit-762541_1920-300x200.jpg 300w, http:\/\/myllykylan-kylatalo.com\/wp-content\/uploads\/2016\/05\/sandpit-762541_1920-768x512.jpg 768w, http:\/\/myllykylan-kylatalo.com\/wp-content\/uploads\/2016\/05\/sandpit-762541_1920-1024x683.jpg 1024w, http:\/\/myllykylan-kylatalo.com\/wp-content\/uploads\/2016\/05\/sandpit-762541_1920-676x451.jpg 676w, http:\/\/myllykylan-kylatalo.com\/wp-content\/uploads\/2016\/05\/sandpit-762541_1920.jpg 1920w\" sizes=\"auto, (max-width: 300px) 100vw, 300px\" \/><\/p>\n<p>Kyl\u00e4talon pihalla sijaitsee kaikille avoin leikkipaikka. Leikkipaikalta l\u00f6ytyv\u00e4t muun muassa kiipeilyteline, keinut, hiekkalaatikko ja koriskentt\u00e4. Pid\u00e4th\u00e4n leikkipaikan siistin\u00e4 ja korjaat illalla yhteisk\u00e4ytt\u00f6iset lelut y\u00f6ksi lelulaatikkoon.<\/p>\n<p>&nbsp;<\/p>\n<p>&nbsp;<\/p>\n","protected":false},"excerpt":{"rendered":"<p>Myllykyl\u00e4n kyl\u00e4talo Myllykyl\u00e4n kyl\u00e4talo on Myllypuron puutaloalueella sijaitseva, alueen\u00a0talonyhti\u00f6iden\u00a0omistama yhteistila.\u00a0Kyl\u00e4talossa j\u00e4rjestet\u00e4\u00e4n paljon erilaista harrastustoimintaa ja aktivitettia. Se on my\u00f6s varattavissa yksityistilaisuuksia varten. Kyl\u00e4talon is\u00e4nn\u00f6innist\u00e4 vastaa Myllypuron Kiinteist\u00f6huolto Oy ja tilan p\u00e4ivitt\u00e4ist\u00e4 toimintaa koordinoi alueen asukkaista koostuva talotoimikunta. &nbsp; Kyl\u00e4talolla on tarjolla paljon erilaista harrastustoimintaa niin lapsille kuin aikuisillekin. Tarjolla on muun muassa musiikkileikkikouluja lapsille, kehonpainoharjoittelua,\u00a0 [&hellip;]<\/p>\n","protected":false},"author":1,"featured_media":0,"parent":0,"menu_order":1,"comment_status":"closed","ping_status":"open","template":"template-fullwidth.php","meta":{"footnotes":""},"class_list":["post-2","page","type-page","status-publish","hentry"],"_links":{"self":[{"href":"http:\/\/myllykylan-kylatalo.com\/index.php?rest_route=\/wp\/v2\/pages\/2","targetHints":{"allow":["GET"]}}],"collection":[{"href":"http:\/\/myllykylan-kylatalo.com\/index.php?rest_route=\/wp\/v2\/pages"}],"about":[{"href":"http:\/\/myllykylan-kylatalo.com\/index.php?rest_route=\/wp\/v2\/types\/page"}],"author":[{"embeddable":true,"href":"http:\/\/myllykylan-kylatalo.com\/index.php?rest_route=\/wp\/v2\/users\/1"}],"replies":[{"embeddable":true,"href":"http:\/\/myllykylan-kylatalo.com\/index.php?rest_route=%2Fwp%2Fv2%2Fcomments&post=2"}],"version-history":[{"count":34,"href":"http:\/\/myllykylan-kylatalo.com\/index.php?rest_route=\/wp\/v2\/pages\/2\/revisions"}],"predecessor-version":[{"id":310,"href":"http:\/\/myllykylan-kylatalo.com\/index.php?rest_route=\/wp\/v2\/pages\/2\/revisions\/310"}],"wp:attachment":[{"href":"http:\/\/myllykylan-kylatalo.com\/index.php?rest_route=%2Fwp%2Fv2%2Fmedia&parent=2"}],"curies":[{"name":"wp","href":"https:\/\/api.w.org\/{rel}","templated":true}]}}