{"id":13,"date":"2016-07-14T20:08:24","date_gmt":"2016-07-14T17:08:24","guid":{"rendered":"http:\/\/myllykylan-kylatalo.com\/?page_id=13"},"modified":"2016-11-15T13:21:14","modified_gmt":"2016-11-15T10:21:14","slug":"jarjestyssaannot","status":"publish","type":"page","link":"http:\/\/myllykylan-kylatalo.com\/?page_id=13","title":{"rendered":"J\u00e4rjestyss\u00e4\u00e4nn\u00f6t"},"content":{"rendered":"<p><b>PUU-MYLLYPURON YHTEISTILAN (\u201dMYLLYKYL\u00c4N KYL\u00c4TALON\u201d) J\u00c4RJESTYSS\u00c4\u00c4NN\u00d6T <\/b><\/p>\n<p><span style=\"font-weight: 400;\">Yhteistila koostuu kerhotilasta 1 ja kerhotilasta 2 (yhdistett\u00e4viss\u00e4) sek\u00e4 liiketilasta<\/span><\/p>\n<p>&nbsp;<\/p>\n<p><b>Yleist\u00e4 <\/b><\/p>\n<p><span style=\"font-weight: 400;\">1\u00a7 S\u00e4\u00e4nn\u00f6t koskevat Puu-Myllypuron yhteistilaa (ns. Myllykyl\u00e4n kyl\u00e4taloa), joka sijaitsee osoitteessa Ryynimyllynkatu 1. S\u00e4\u00e4nt\u00f6jen tarkoitus on varmistaa tilojen kunnon s\u00e4ilyminen ja niiden asianmukainen k\u00e4ytt\u00f6. <\/span><\/p>\n<p><span style=\"font-weight: 400;\">2\u00a7 Osakasyhti\u00f6iden asukkaista muodostettu Kiinteist\u00f6osakeyhti\u00f6 Puu-Myllypuron yhteistilan talotoimikunta \u00a0vastaa kerhotilojen varausvuorojen jakamisesta.<\/span><\/p>\n<p><span style=\"font-weight: 400;\">3\u00a7 \u00a0Varausvuoroja voi anoa aikaisintaan puoli vuotta etuk\u00e4teen. \u00a0Tilan k\u00e4ytt\u00f6 varataan ensisijaisesti j\u00e4senyhti\u00f6iden kokouksille, yhti\u00f6kokouksille ja asukaskokouksille.<\/span><\/p>\n<p><span style=\"font-weight: 400;\">4\u00a7 Osakasyhti\u00f6iden asukkaat voivat k\u00e4ytt\u00e4\u00e4 kerhotiloja maksutta yksitt\u00e4isiin tilaisuuksiin. Toistuvista tilaisuuksista voidaan peri\u00e4 maksu. <\/span><\/p>\n<p><span style=\"font-weight: 400;\">5\u00a7 Ulkopuolisille vuokraamisesta voidaan peri\u00e4 maksu. Kiinteist\u00f6osakeyhti\u00f6 Puu-Myllypuron yhteistilan hallitus p\u00e4\u00e4tt\u00e4\u00e4 vuosittain korvauksen tasosta talotoimikunnan esityksen pohjalta. <\/span><\/p>\n<p><span style=\"font-weight: 400;\">6\u00a7 Avaimen voi luovuttaa kuittausta vastaan talotoimikunnan j\u00e4sen tai h\u00e4nen valtuuttamansa henkil\u00f6. Toimija, jolla on kerhohuoneella s\u00e4\u00e4nn\u00f6llist\u00e4 toimintaa, voi kuitata avaimen haltuunsa.<\/span><\/p>\n<p><span style=\"font-weight: 400;\">7\u00a7 Avaimen kuitannut t\u00e4ysi-ik\u00e4inen henkil\u00f6 vastaa j\u00e4rjestyss\u00e4\u00e4nt\u00f6jen noudattamisesta lainauksen aikana. <\/span><\/p>\n<p>&nbsp;<\/p>\n<p><b>J\u00e4rjestyss\u00e4\u00e4nt\u00f6j\u00e4 <\/b><\/p>\n<p><span style=\"font-weight: 400;\">8\u00a7 Alueen asukkaat on otettava huomioon ja turhaa metel\u00f6inti\u00e4 on v\u00e4ltett\u00e4v\u00e4 kello 22 j\u00e4lkeen. Kerhotilaan voi menn\u00e4 aamulla kello 06 j\u00e4lkeen ja tilasta on poistuttava klo 23 menness\u00e4. <\/span><\/p>\n<p><span style=\"font-weight: 400;\">9\u00a7 Tupakointi on kielletty tiloissa. <\/span><\/p>\n<p><span style=\"font-weight: 400;\">10\u00a7 Tiloihin ei saa tuoda lemmikkiel\u00e4imi\u00e4. <\/span><\/p>\n<p><span style=\"font-weight: 400;\">11\u00a7 Tilassa olevia astioita ja tavaroita saa k\u00e4ytt\u00e4\u00e4 tilaisuuksien aikana. <\/span><\/p>\n<p><span style=\"font-weight: 400;\">12\u00a7 Tilojen siisteydest\u00e4 vastaa jokainen tilojen k\u00e4ytt\u00e4j\u00e4 ja viime k\u00e4dess\u00e4 avaimen kuitannut henkil\u00f6. <\/span><\/p>\n<p><span style=\"font-weight: 400;\">13\u00a7 Tilat tulee k\u00e4yt\u00f6n j\u00e4lkeen siivota ilmoitustaululla olevien ohjeiden mukaisesti, ennen oman varauksen p\u00e4\u00e4ttymist\u00e4: <\/span><\/p>\n<ul>\n<li style=\"font-weight: 400;\"><span style=\"font-weight: 400;\">Mik\u00e4li kalusteiden j\u00e4rjestyst\u00e4 muutetaan, tulee ne siirt\u00e4\u00e4 takaisin paikoilleen. <\/span><\/li>\n<li style=\"font-weight: 400;\"><span style=\"font-weight: 400;\">Tilaan tuodut tavarat ja ruokatarvikkeet vied\u00e4\u00e4n pois tilaisuuden j\u00e4lkeen.<\/span><\/li>\n<li style=\"font-weight: 400;\"><span style=\"font-weight: 400;\">Astiat pest\u00e4\u00e4n ja lajitellut roskat vied\u00e4 niit\u00e4 varten oleviin j\u00e4teastioihin.<\/span><\/li>\n<li style=\"font-weight: 400;\"><span style=\"font-weight: 400;\">Lattiat ja pinnat puhdistetaan tarvittaessa. <\/span><\/li>\n<\/ul>\n<p><span style=\"font-weight: 400;\">14\u00a7 Kerhohuoneen ulko-ovi lukitaan ja h\u00e4lytysj\u00e4rjestelm\u00e4 kytket\u00e4\u00e4n aina poistuttaessa. <\/span><\/p>\n<p>&nbsp;<\/p>\n<p><b>Vastuukysymykset <\/b><\/p>\n<p><span style=\"font-weight: 400;\">15\u00a7 Tilassa oleskeltaessa vastuuhenkil\u00f6 on t\u00e4ysi-ik\u00e4inen henkil\u00f6, joka on kuitannut avaimen. <\/span><\/p>\n<p><span style=\"font-weight: 400;\">16\u00a7 Vastuuhenkil\u00f6n velvollisuus on huolehtia, ett\u00e4 tila s\u00e4ilyy moitteettomassa kunnossa. <\/span><\/p>\n<p><span style=\"font-weight: 400;\">17\u00a7 Vastuuhenkil\u00f6n velvollisuus on huolehtia, ett\u00e4 n\u00e4it\u00e4 s\u00e4\u00e4nt\u00f6j\u00e4 noudatetaan. <\/span><\/p>\n<p><span style=\"font-weight: 400;\">18\u00a7 Tilasta on poistuttava viipym\u00e4tt\u00e4 vastuuhenkil\u00f6n kehotuksesta. <\/span><\/p>\n<p><span style=\"font-weight: 400;\">19\u00a7 Mik\u00e4li tilan kunnossa tai varustuksessa on jotain huomautettavaa, vastuuhenkil\u00f6 ilmoittaa siit\u00e4 talotoimikunnan j\u00e4senelle. <\/span><\/p>\n<p><span style=\"font-weight: 400;\">20\u00a7 Tilan rakenteille tai sen varusteille tapahtuneista vaurioista on ensisijaisesti vastuussa vaurion aiheuttaja, joka on velvollinen ilmoittamaan siit\u00e4 tilan vuokraamisesta vastanneelle henkil\u00f6lle, joka ilmoittaa vauriosta edelleen talotoimikunnalle. <\/span><\/p>\n<p><span style=\"font-weight: 400;\">Mik\u00e4li aiheuttaja ei ole tiedossa, on tilaisuuden vastuuhenkil\u00f6 vastuussa siit\u00e4. Vahingoittunut rakenne tai varuste korjataan tai uusitaan vahingosta vastuussa olevan henkil\u00f6n tai mik\u00e4li henkil\u00f6 ei ole tiedossa, avaimen kuitanneen henkil\u00f6n kustannuksella. <\/span><\/p>\n<p><span style=\"font-weight: 400;\">21\u00a7 Mik\u00e4li tila j\u00e4tet\u00e4\u00e4n siivoamatta oman varausajan p\u00e4\u00e4tytty\u00e4, l\u00e4hetet\u00e4\u00e4n siivouslasku avaimen kuitanneelle henkil\u00f6lle. <\/span><\/p>\n<p>&nbsp;<\/p>\n<p><b>S\u00e4\u00e4nn\u00f6ist\u00e4 poikkeamisesta ja s\u00e4\u00e4nt\u00f6jen muuttamisesta <\/b><\/p>\n<p><span style=\"font-weight: 400;\">22\u00a7 Kiinteist\u00f6osakeyhti\u00f6 Puu-Myllypuron yhteistilan hallitus voi anomuksesta my\u00f6nt\u00e4\u00e4 poikkeuksia kerhotilan s\u00e4\u00e4nt\u00f6jen noudattamiseen. <\/span><\/p>\n<p><span style=\"font-weight: 400;\">23\u00a7 S\u00e4\u00e4nn\u00f6ist\u00e4 p\u00e4\u00e4tt\u00e4\u00e4 Kiinteist\u00f6osakeyhti\u00f6 Puu-Myllypuron yhteistilan hallitus talotoimikunnan esityksen perusteella. Ehdotuksen sis\u00e4ll\u00f6st\u00e4 on tiedotettava hallituksen kokouskutsun yhteydess\u00e4. <\/span><\/p>\n<p>&nbsp;<\/p>\n<p><span style=\"font-weight: 400;\">Kiinteist\u00f6osakeyhti\u00f6 Puu-Myllypuron yhteistilan talotoimikunta, <\/span><span style=\"font-weight: 400;\"><br \/>\n<\/span><span style=\"font-weight: 400;\">Kiinteist\u00f6osakeyhti\u00f6 Puu-Myllypuron yhteistilan hallitus <\/span><\/p>\n<p><span style=\"font-weight: 400;\">Helsingiss\u00e4 1.10.2016<\/span><\/p>\n","protected":false},"excerpt":{"rendered":"<p>PUU-MYLLYPURON YHTEISTILAN (\u201dMYLLYKYL\u00c4N KYL\u00c4TALON\u201d) J\u00c4RJESTYSS\u00c4\u00c4NN\u00d6T Yhteistila koostuu kerhotilasta 1 ja kerhotilasta 2 (yhdistett\u00e4viss\u00e4) sek\u00e4 liiketilasta &nbsp; Yleist\u00e4 1\u00a7 S\u00e4\u00e4nn\u00f6t koskevat Puu-Myllypuron yhteistilaa (ns. Myllykyl\u00e4n kyl\u00e4taloa), joka sijaitsee osoitteessa Ryynimyllynkatu 1. S\u00e4\u00e4nt\u00f6jen tarkoitus on varmistaa tilojen kunnon s\u00e4ilyminen ja niiden asianmukainen k\u00e4ytt\u00f6. 2\u00a7 Osakasyhti\u00f6iden asukkaista muodostettu Kiinteist\u00f6osakeyhti\u00f6 Puu-Myllypuron yhteistilan talotoimikunta \u00a0vastaa kerhotilojen varausvuorojen jakamisesta. 3\u00a7 \u00a0Varausvuoroja [&hellip;]<\/p>\n","protected":false},"author":1,"featured_media":0,"parent":0,"menu_order":5,"comment_status":"closed","ping_status":"closed","template":"template-fullwidth.php","meta":{"footnotes":""},"class_list":["post-13","page","type-page","status-publish","hentry"],"_links":{"self":[{"href":"http:\/\/myllykylan-kylatalo.com\/index.php?rest_route=\/wp\/v2\/pages\/13","targetHints":{"allow":["GET"]}}],"collection":[{"href":"http:\/\/myllykylan-kylatalo.com\/index.php?rest_route=\/wp\/v2\/pages"}],"about":[{"href":"http:\/\/myllykylan-kylatalo.com\/index.php?rest_route=\/wp\/v2\/types\/page"}],"author":[{"embeddable":true,"href":"http:\/\/myllykylan-kylatalo.com\/index.php?rest_route=\/wp\/v2\/users\/1"}],"replies":[{"embeddable":true,"href":"http:\/\/myllykylan-kylatalo.com\/index.php?rest_route=%2Fwp%2Fv2%2Fcomments&post=13"}],"version-history":[{"count":4,"href":"http:\/\/myllykylan-kylatalo.com\/index.php?rest_route=\/wp\/v2\/pages\/13\/revisions"}],"predecessor-version":[{"id":155,"href":"http:\/\/myllykylan-kylatalo.com\/index.php?rest_route=\/wp\/v2\/pages\/13\/revisions\/155"}],"wp:attachment":[{"href":"http:\/\/myllykylan-kylatalo.com\/index.php?rest_route=%2Fwp%2Fv2%2Fmedia&parent=13"}],"curies":[{"name":"wp","href":"https:\/\/api.w.org\/{rel}","templated":true}]}}